{"id":4185,"date":"2022-12-16T09:22:15","date_gmt":"2022-12-16T09:22:15","guid":{"rendered":"https:\/\/rimlogiprod.wpengine.com\/carreras-profesionales\/"},"modified":"2023-04-19T12:31:47","modified_gmt":"2023-04-19T12:31:47","slug":"carreras-profesionales","status":"publish","type":"page","link":"https:\/\/www.rimlogistics.com\/es\/carreras-profesionales\/","title":{"rendered":"Carreras profesionales"},"content":{"rendered":"<section data-block_02bf9450798e0a646c14e27f35c6a0bf  class=\"c-block b-hero-small hero-small alignnone \">\n  <div class=\"c-background\">\n  \n      <div class=\"c-background__images\">\n      \n                        \n          <img fetchpriority=\"high\" decoding=\"async\" width=\"2560\" height=\"1680\" src=\"https:\/\/www.rimlogistics.com\/wp-content\/uploads\/2023\/03\/Careers_Hero-scaled.jpg\" class=\"c-image c-background__image c-background__image--desktop-tablet c-background__image--desktop-mobile c-background__image--desktop\" alt=\"\" srcset=\"https:\/\/www.rimlogistics.com\/wp-content\/uploads\/2023\/03\/Careers_Hero-scaled.jpg 2560w, https:\/\/www.rimlogistics.com\/wp-content\/uploads\/2023\/03\/Careers_Hero-300x197.jpg 300w, https:\/\/www.rimlogistics.com\/wp-content\/uploads\/2023\/03\/Careers_Hero-1024x672.jpg 1024w, https:\/\/www.rimlogistics.com\/wp-content\/uploads\/2023\/03\/Careers_Hero-768x504.jpg 768w, https:\/\/www.rimlogistics.com\/wp-content\/uploads\/2023\/03\/Careers_Hero-1536x1008.jpg 1536w, https:\/\/www.rimlogistics.com\/wp-content\/uploads\/2023\/03\/Careers_Hero-2048x1344.jpg 2048w\" sizes=\"(max-width: 2560px) 100vw, 2560px\" \/>\n                                              <\/div>\n  \n  <div class=\"c-background__content\">\n          <div class=\"b-hero-small__container container\">\n            <div class=\"b-hero-small__logo\">\n  <a href=\"https:\/\/www.rimlogistics.com\/es\/\"><img decoding=\"async\" width=\"816\" height=\"192\" src=\"https:\/\/www.rimlogistics.com\/wp-content\/uploads\/2022\/11\/RIMlogo2019_300DPI-09082020-dark-gray-1.png\" class=\"attachment-small size-small\" alt=\"\" srcset=\"https:\/\/www.rimlogistics.com\/wp-content\/uploads\/2022\/11\/RIMlogo2019_300DPI-09082020-dark-gray-1.png 816w, https:\/\/www.rimlogistics.com\/wp-content\/uploads\/2022\/11\/RIMlogo2019_300DPI-09082020-dark-gray-1-300x71.png 300w, https:\/\/www.rimlogistics.com\/wp-content\/uploads\/2022\/11\/RIMlogo2019_300DPI-09082020-dark-gray-1-768x181.png 768w\" sizes=\"(max-width: 816px) 100vw, 816px\" \/><\/a>\n<\/div>\n\n                            <h1 class=\"b-hero-small__title\">Carreras profesionales<\/h1>\n            \n                    <\/div>\n      <\/div>\n<\/div>\n    <div class=\"b-hero__rainbow_overlay\">\n        <img decoding=\"async\" src=\"https:\/\/www.rimlogistics.com\/wp-content\/themes\/rim\/public\/images\/rainbow.b07a71.svg\" alt=\"\"\/>\n    <\/div>\n<\/section>\n\n<div class=\"wp-block-columns is-layout-flex wp-container-core-columns-is-layout-9d6595d7 wp-block-columns-is-layout-flex\">\n<div class=\"wp-block-column is-layout-flow wp-block-column-is-layout-flow\">\n<figure class=\"wp-block-video\"><video controls=\"\" poster=\"https:\/\/rimlogiprod.wpengine.com\/wp-content\/uploads\/2022\/11\/Our-Technology-scaled.jpg\" src=\"\/wp-content\/uploads\/videos\/RIM 2021 Recruiting Video.mp4\"><\/video><\/figure>\n<\/div>\n<\/div>\n\n<p>En RIM, nuestros empleados son el alma de nuestra organizaci\u00f3n. Creemos que contar con el equipo adecuado de personas con talento y motivadas es fundamental para el \u00e9xito. Si est\u00e1 interesado en unirse a un entorno especial y emocionante en el que recibir\u00e1 un apoyo sin igual en el desarrollo de su carrera, as\u00ed como la oportunidad de tener un impacto significativo en el desarrollo de la empresa para la que trabaja, entonces RIM puede ser el lugar para usted.<\/p>\n\n<p>Nuestra empresa se fund\u00f3 sobre tradiciones de valores familiares, y son el n\u00facleo de nuestras operaciones. Nuestro \u00e9xito ha radicado en nuestra fuerza unida, el respeto mutuo y la aceptaci\u00f3n de la diversidad de pensamiento, cultura y experiencia. En RIM, encontrar\u00e1 un entorno en el que estos valores brillan en todos los aspectos de nuestro trabajo y se utilizan como piedras angulares de nuestra innovaci\u00f3n y \u00e9xito.<\/p>\n\n<p>Somos una empresa de log\u00edstica global en r\u00e1pido crecimiento que busca personas dedicadas con una perspectiva positiva y que est\u00e9n interesadas en trabajar en un entorno abierto y de colaboraci\u00f3n. Trabajando en RIM encontrar\u00e1 una cultura resuelta en la que sus puntos fuertes individuales se combinar\u00e1n con la experiencia y la pasi\u00f3n de aquellos con los que trabaje para crear un s\u00f3lido entorno de equipo. Con una amplia gama de servicios y \u00e1reas de especializaci\u00f3n ofrecidas, RIM tiene una variedad de oportunidades profesionales en cada una de nuestras sedes globales que pueden ser las adecuadas para usted.<\/p>\n\n<div class=\"wp-block-columns is-layout-flex wp-container-core-columns-is-layout-9d6595d7 wp-block-columns-is-layout-flex\">\n<div class=\"wp-block-column is-layout-flow wp-block-column-is-layout-flow\">\n<h3 class=\"wp-block-heading has-text-align-center\"><strong>Profesionales<\/strong><\/h3>\n\n\n\n<figure class=\"wp-block-image size-full\"><img decoding=\"async\" width=\"1024\" height=\"683\" src=\"https:\/\/www.rimlogistics.com\/wp-content\/uploads\/2022\/12\/Fotolia_86346694_Subscription_Monthly_XXL-1024x683-1.jpg\" alt=\"\" class=\"wp-image-560\" srcset=\"https:\/\/www.rimlogistics.com\/wp-content\/uploads\/2022\/12\/Fotolia_86346694_Subscription_Monthly_XXL-1024x683-1.jpg 1024w, https:\/\/www.rimlogistics.com\/wp-content\/uploads\/2022\/12\/Fotolia_86346694_Subscription_Monthly_XXL-1024x683-1-300x200.jpg 300w, https:\/\/www.rimlogistics.com\/wp-content\/uploads\/2022\/12\/Fotolia_86346694_Subscription_Monthly_XXL-1024x683-1-768x512.jpg 768w\" sizes=\"(max-width: 1024px) 100vw, 1024px\" \/><\/figure>\n\n\n\n<p>Buscamos personas experimentadas y apasionadas para unirse a nuestros din\u00e1micos equipos de profesionales de la log\u00edstica. Todas las \u00e1reas de especializaci\u00f3n est\u00e1n en demanda y son valoradas. Al unirse a RIM se incorporar\u00e1 a un entorno en el que sus contribuciones individuales ser\u00e1n reconocidas y recompensadas, y en el que el desarrollo continuo de sus carreras y puntos fuertes seguir\u00e1 siendo un objetivo prioritario.<\/p>\n<\/div>\n\n\n\n<div class=\"wp-block-column is-layout-flow wp-block-column-is-layout-flow\">\n<h3 class=\"wp-block-heading has-text-align-center\"><strong>Graduados<\/strong><\/h3>\n\n\n\n<figure class=\"wp-block-image size-full\"><img loading=\"lazy\" decoding=\"async\" width=\"1024\" height=\"683\" src=\"https:\/\/www.rimlogistics.com\/wp-content\/uploads\/2022\/12\/Fotolia_66469591_Subscription_Monthly_XXL-1024x683-1.jpg\" alt=\"\" class=\"wp-image-561\" srcset=\"https:\/\/www.rimlogistics.com\/wp-content\/uploads\/2022\/12\/Fotolia_66469591_Subscription_Monthly_XXL-1024x683-1.jpg 1024w, https:\/\/www.rimlogistics.com\/wp-content\/uploads\/2022\/12\/Fotolia_66469591_Subscription_Monthly_XXL-1024x683-1-300x200.jpg 300w, https:\/\/www.rimlogistics.com\/wp-content\/uploads\/2022\/12\/Fotolia_66469591_Subscription_Monthly_XXL-1024x683-1-768x512.jpg 768w\" sizes=\"(max-width: 1024px) 100vw, 1024px\" \/><\/figure>\n\n\n\n<p>\u00danase a una empresa apasionante e innovadora que se dedica a proporcionarle el conjunto de habilidades, la formaci\u00f3n y el apoyo necesarios para sentar las bases de una carrera profesional de \u00e9xito. En RIM encontrar\u00e1 una cultura que desarrolla y crea oportunidades para que cada empleado rinda y ampl\u00ede sus horizontes. Buscamos contrataciones brillantes y apasionadas con una buena actitud y un fuerte deseo de contribuir y crecer.<\/p>\n<\/div>\n<\/div>\n\n<div class=\"wp-block-media-text alignwide is-stacked-on-mobile\"><figure class=\"wp-block-media-text__media\"><img loading=\"lazy\" decoding=\"async\" width=\"1024\" height=\"512\" src=\"https:\/\/www.rimlogistics.com\/wp-content\/uploads\/2022\/12\/BCBSIL-e1655923794479-1024x512.jpg\" alt=\"\" class=\"wp-image-562 size-full\" srcset=\"https:\/\/www.rimlogistics.com\/wp-content\/uploads\/2022\/12\/BCBSIL-e1655923794479-1024x512.jpg 1024w, https:\/\/www.rimlogistics.com\/wp-content\/uploads\/2022\/12\/BCBSIL-e1655923794479-300x150.jpg 300w, https:\/\/www.rimlogistics.com\/wp-content\/uploads\/2022\/12\/BCBSIL-e1655923794479-768x384.jpg 768w, https:\/\/www.rimlogistics.com\/wp-content\/uploads\/2022\/12\/BCBSIL-e1655923794479.jpg 1100w\" sizes=\"(max-width: 1024px) 100vw, 1024px\" \/><\/figure><div class=\"wp-block-media-text__content\">\n<p><strong><a href=\"https:\/\/www.bcbsil.com\/\">Seguro m\u00e9dico de Illinois | Blue Cross and Blue Shield of Illinois<\/a><\/strong><\/p>\n\n\n\n<p><a href=\"http:\/\/www.bcbsil.com\/\">BCBSIL<\/a> ofrece planes individuales, familiares, Medicare y Medicaid con cobertura COVID-19. Inf\u00f3rmese sobre las prestaciones, incluidas las pruebas y el tratamiento del COVID-19, las pruebas sin receta m\u00e9dica (OTC), las vacunas y mucho m\u00e1s.<\/p>\n<\/div><\/div>\n<section data-block_e0d6d75b609ab482dfdcf2887b05f060  class=\"c-block b-divider divider alignnone \">\n  <div class=\"c-background\">\n  \n      <div class=\"c-background__images\">\n      \n                                                    <\/div>\n  \n  <div class=\"c-background__content\">\n          <div class=\"b-divider__container container\">\n            <div class=\"b-divider__line\" style=\"background-color: transparent\">\n            <\/div>\n        <\/div>\n      <\/div>\n<\/div>\n<\/section>\n<section data-block_70f74f0e338401793306b295e77e43fd  class=\"c-block b-divider divider alignnone \">\n  <div class=\"c-background\">\n  \n      <div class=\"c-background__images\">\n      \n                                                    <\/div>\n  \n  <div class=\"c-background__content\">\n          <div class=\"b-divider__container container\">\n            <div class=\"b-divider__line\" style=\"background-color: rgb(229,229,229)\">\n            <\/div>\n        <\/div>\n      <\/div>\n<\/div>\n<\/section>\n\n<div class=\"wp-block-buttons is-content-justification-center is-layout-flex wp-container-core-buttons-is-layout-16018d1d wp-block-buttons-is-layout-flex\">\n<div class=\"wp-block-button is-style-outline is-style-outline--1\"><a class=\"wp-block-button__link wp-element-button\" style=\"border: 4px solid #a71e2d!important;text-decoration:none!important;font:500 'Open Sans';color:rgba(0,0,0,0.85)!important;transition:background .1s!important;background:rgba(0,0,0,0.05) !important;\" href=\"https:\/\/workforcenow.adp.com\/mascsr\/default\/mdf\/recruitment\/recruitment.html?cid=5618150e-6669-428d-b52e-21f926e9f8d5&amp;ccId=19000101_000001&amp;type=MP&amp;lang=en_US\" target=\"_blank\" rel=\"noreferrer noopener\">Solicitar hoy<\/a><\/div>\n<\/div>\n<section data-block_86142a5b73fe7e41c46a3ab39dfb358b  class=\"c-block b-text text alignnone \">\n  <div class=\"c-background\">\n  \n      <div class=\"c-background__images\">\n      \n                                                    <\/div>\n  \n  <div class=\"c-background__content\">\n          <div class=\"b-text__container container\">\n                            <div class=\"b-text__entry\"><h4 style=\"text-align: center;\">Libere su potencial y \u00fanase a la familia RIM, donde la colaboraci\u00f3n, la innovaci\u00f3n y el crecimiento impulsan nuestro \u00e9xito compartido.<\/h4>\n<\/div>\n                    <\/div>\n      <\/div>\n<\/div>\n<\/section>\n<section data-block_70f74f0e338401793306b295e77e43fd  class=\"c-block b-divider divider alignnone \">\n  <div class=\"c-background\">\n  \n      <div class=\"c-background__images\">\n      \n                                                    <\/div>\n  \n  <div class=\"c-background__content\">\n          <div class=\"b-divider__container container\">\n            <div class=\"b-divider__line\" style=\"background-color: rgb(229,229,229)\">\n            <\/div>\n        <\/div>\n      <\/div>\n<\/div>\n<\/section>\n","protected":false},"excerpt":{"rendered":"<p>En RIM, nuestros empleados son el alma de nuestra organizaci\u00f3n. Creemos que contar con el equipo adecuado de personas con talento y motivadas es fundamental para el \u00e9xito. Si est\u00e1 interesado en unirse a un entorno especial y emocionante en el que recibir\u00e1 un apoyo sin igual en el desarrollo de su carrera, as\u00ed como &hellip; <a href=\"https:\/\/www.rimlogistics.com\/es\/carreras-profesionales\/\">Continued<\/a><\/p>\n","protected":false},"author":2,"featured_media":3845,"parent":0,"menu_order":0,"comment_status":"closed","ping_status":"closed","template":"","meta":{"_acf_changed":false,"footnotes":""},"class_list":["post-4185","page","type-page","status-publish","has-post-thumbnail","hentry"],"acf":[],"yoast_head":"<!-- This site is optimized with the Yoast SEO plugin v22.8 - https:\/\/yoast.com\/wordpress\/plugins\/seo\/ -->\n<title>Carreras profesionales | RIM Logistics<\/title>\n<meta name=\"description\" content=\"Buscamos personas experimentadas y apasionadas para unirse a nuestros din\u00e1micos equipos de profesionales de la log\u00edstica. \u00a1Presente su solicitud hoy mismo!\" \/>\n<meta name=\"robots\" content=\"index, follow, max-snippet:-1, max-image-preview:large, max-video-preview:-1\" \/>\n<link rel=\"canonical\" href=\"https:\/\/www.rimlogistics.com\/es\/carreras-profesionales\/\" \/>\n<meta property=\"og:locale\" content=\"es_ES\" \/>\n<meta property=\"og:type\" content=\"article\" \/>\n<meta property=\"og:title\" content=\"Carreras profesionales | RIM Logistics\" \/>\n<meta property=\"og:description\" content=\"Buscamos personas experimentadas y apasionadas para unirse a nuestros din\u00e1micos equipos de profesionales de la log\u00edstica. \u00a1Presente su solicitud hoy mismo!\" \/>\n<meta property=\"og:url\" content=\"https:\/\/www.rimlogistics.com\/es\/carreras-profesionales\/\" \/>\n<meta property=\"og:site_name\" content=\"RIM logistics, ltd.\" \/>\n<meta property=\"article:modified_time\" content=\"2023-04-19T12:31:47+00:00\" \/>\n<meta property=\"og:image\" content=\"https:\/\/www.rimlogistics.com\/wp-content\/uploads\/2022\/12\/carers.jpg\" \/>\n\t<meta property=\"og:image:width\" content=\"1600\" \/>\n\t<meta property=\"og:image:height\" content=\"500\" \/>\n\t<meta property=\"og:image:type\" content=\"image\/jpeg\" \/>\n<meta name=\"twitter:label1\" content=\"Tiempo de lectura\" \/>\n\t<meta name=\"twitter:data1\" content=\"2 minutos\" \/>\n<script type=\"application\/ld+json\" class=\"yoast-schema-graph\">{\"@context\":\"https:\/\/schema.org\",\"@graph\":[{\"@type\":\"WebPage\",\"@id\":\"https:\/\/www.rimlogistics.com\/es\/carreras-profesionales\/\",\"url\":\"https:\/\/www.rimlogistics.com\/es\/carreras-profesionales\/\",\"name\":\"Carreras profesionales | RIM Logistics\",\"isPartOf\":{\"@id\":\"https:\/\/www.rimlogistics.com\/#website\"},\"primaryImageOfPage\":{\"@id\":\"https:\/\/www.rimlogistics.com\/es\/carreras-profesionales\/#primaryimage\"},\"image\":{\"@id\":\"https:\/\/www.rimlogistics.com\/es\/carreras-profesionales\/#primaryimage\"},\"thumbnailUrl\":\"https:\/\/www.rimlogistics.com\/wp-content\/uploads\/2022\/12\/carers.jpg\",\"datePublished\":\"2022-12-16T09:22:15+00:00\",\"dateModified\":\"2023-04-19T12:31:47+00:00\",\"description\":\"Buscamos personas experimentadas y apasionadas para unirse a nuestros din\u00e1micos equipos de profesionales de la log\u00edstica. \u00a1Presente su solicitud hoy mismo!\",\"inLanguage\":\"es\",\"potentialAction\":[{\"@type\":\"ReadAction\",\"target\":[\"https:\/\/www.rimlogistics.com\/es\/carreras-profesionales\/\"]}]},{\"@type\":\"ImageObject\",\"inLanguage\":\"es\",\"@id\":\"https:\/\/www.rimlogistics.com\/es\/carreras-profesionales\/#primaryimage\",\"url\":\"https:\/\/www.rimlogistics.com\/wp-content\/uploads\/2022\/12\/carers.jpg\",\"contentUrl\":\"https:\/\/www.rimlogistics.com\/wp-content\/uploads\/2022\/12\/carers.jpg\",\"width\":1600,\"height\":500},{\"@type\":\"WebSite\",\"@id\":\"https:\/\/www.rimlogistics.com\/#website\",\"url\":\"https:\/\/www.rimlogistics.com\/\",\"name\":\"RIM logistics, ltd.\",\"description\":\"\",\"potentialAction\":[{\"@type\":\"SearchAction\",\"target\":{\"@type\":\"EntryPoint\",\"urlTemplate\":\"https:\/\/www.rimlogistics.com\/?s={search_term_string}\"},\"query-input\":\"required name=search_term_string\"}],\"inLanguage\":\"es\"}]}<\/script>\n<!-- \/ Yoast SEO plugin. -->","yoast_head_json":{"title":"Carreras profesionales | RIM Logistics","description":"Buscamos personas experimentadas y apasionadas para unirse a nuestros din\u00e1micos equipos de profesionales de la log\u00edstica. \u00a1Presente su solicitud hoy mismo!","robots":{"index":"index","follow":"follow","max-snippet":"max-snippet:-1","max-image-preview":"max-image-preview:large","max-video-preview":"max-video-preview:-1"},"canonical":"https:\/\/www.rimlogistics.com\/es\/carreras-profesionales\/","og_locale":"es_ES","og_type":"article","og_title":"Carreras profesionales | RIM Logistics","og_description":"Buscamos personas experimentadas y apasionadas para unirse a nuestros din\u00e1micos equipos de profesionales de la log\u00edstica. \u00a1Presente su solicitud hoy mismo!","og_url":"https:\/\/www.rimlogistics.com\/es\/carreras-profesionales\/","og_site_name":"RIM logistics, ltd.","article_modified_time":"2023-04-19T12:31:47+00:00","og_image":[{"width":1600,"height":500,"url":"https:\/\/www.rimlogistics.com\/wp-content\/uploads\/2022\/12\/carers.jpg","type":"image\/jpeg"}],"twitter_misc":{"Tiempo de lectura":"2 minutos"},"schema":{"@context":"https:\/\/schema.org","@graph":[{"@type":"WebPage","@id":"https:\/\/www.rimlogistics.com\/es\/carreras-profesionales\/","url":"https:\/\/www.rimlogistics.com\/es\/carreras-profesionales\/","name":"Carreras profesionales | RIM Logistics","isPartOf":{"@id":"https:\/\/www.rimlogistics.com\/#website"},"primaryImageOfPage":{"@id":"https:\/\/www.rimlogistics.com\/es\/carreras-profesionales\/#primaryimage"},"image":{"@id":"https:\/\/www.rimlogistics.com\/es\/carreras-profesionales\/#primaryimage"},"thumbnailUrl":"https:\/\/www.rimlogistics.com\/wp-content\/uploads\/2022\/12\/carers.jpg","datePublished":"2022-12-16T09:22:15+00:00","dateModified":"2023-04-19T12:31:47+00:00","description":"Buscamos personas experimentadas y apasionadas para unirse a nuestros din\u00e1micos equipos de profesionales de la log\u00edstica. \u00a1Presente su solicitud hoy mismo!","inLanguage":"es","potentialAction":[{"@type":"ReadAction","target":["https:\/\/www.rimlogistics.com\/es\/carreras-profesionales\/"]}]},{"@type":"ImageObject","inLanguage":"es","@id":"https:\/\/www.rimlogistics.com\/es\/carreras-profesionales\/#primaryimage","url":"https:\/\/www.rimlogistics.com\/wp-content\/uploads\/2022\/12\/carers.jpg","contentUrl":"https:\/\/www.rimlogistics.com\/wp-content\/uploads\/2022\/12\/carers.jpg","width":1600,"height":500},{"@type":"WebSite","@id":"https:\/\/www.rimlogistics.com\/#website","url":"https:\/\/www.rimlogistics.com\/","name":"RIM logistics, ltd.","description":"","potentialAction":[{"@type":"SearchAction","target":{"@type":"EntryPoint","urlTemplate":"https:\/\/www.rimlogistics.com\/?s={search_term_string}"},"query-input":"required name=search_term_string"}],"inLanguage":"es"}]}},"_links":{"self":[{"href":"https:\/\/www.rimlogistics.com\/es\/wp-json\/wp\/v2\/pages\/4185","targetHints":{"allow":["GET"]}}],"collection":[{"href":"https:\/\/www.rimlogistics.com\/es\/wp-json\/wp\/v2\/pages"}],"about":[{"href":"https:\/\/www.rimlogistics.com\/es\/wp-json\/wp\/v2\/types\/page"}],"author":[{"embeddable":true,"href":"https:\/\/www.rimlogistics.com\/es\/wp-json\/wp\/v2\/users\/2"}],"replies":[{"embeddable":true,"href":"https:\/\/www.rimlogistics.com\/es\/wp-json\/wp\/v2\/comments?post=4185"}],"version-history":[{"count":0,"href":"https:\/\/www.rimlogistics.com\/es\/wp-json\/wp\/v2\/pages\/4185\/revisions"}],"wp:featuredmedia":[{"embeddable":true,"href":"https:\/\/www.rimlogistics.com\/es\/wp-json\/wp\/v2\/media\/3845"}],"wp:attachment":[{"href":"https:\/\/www.rimlogistics.com\/es\/wp-json\/wp\/v2\/media?parent=4185"}],"curies":[{"name":"wp","href":"https:\/\/api.w.org\/{rel}","templated":true}]}}